{"id":930,"date":"2021-06-30T00:45:48","date_gmt":"2021-06-30T00:45:48","guid":{"rendered":"https:\/\/impulsionmedia.com\/ven\/a-propos\/"},"modified":"2025-03-18T10:13:43","modified_gmt":"2025-03-18T14:13:43","slug":"about-us","status":"publish","type":"page","link":"https:\/\/www.vetetnous.com\/en\/about-us\/","title":{"rendered":"About us"},"content":{"rendered":"<h3>Behind Vet et Nous stands our customers, just like you! More than 350<b>\u00a0000 families <\/b>who trust us, year after year, to ensure the health and well-being of their companions!<\/h3>\n<p>Vet et Nous is also more than <b>1 000 referring veterinarians<\/b>. Veterinarians across the province of Quebec, who work in collaboration with our veterinarians and our specialists to take care of their small and large patients in very particular cases or in case of emergency.<\/p>\n<h4><strong>Vet et Nous includes\u2026<\/strong><\/h4>\n<ul>\n<li aria-level=\"1\">31 veterinary hospitals and clinics<\/li>\n<li aria-level=\"1\">3 emergency and referral centres open 24\/7<\/li>\n<li aria-level=\"1\">1 specialized imaging service<\/li>\n<\/ul>\n<h4><strong>It also includes a large team of more than:\u00a0<\/strong><\/h4>\n<ul>\n<li aria-level=\"1\">250 veterinarians,<\/li>\n<li aria-level=\"1\">25 specialists and clinicians,<\/li>\n<li aria-level=\"1\">400 technicians, and<\/li>\n<li aria-level=\"1\">350 technician\u2019s assistants, animal attendants, receptionists and administrative employees.<\/li>\n<\/ul>\n<p>Whether your pet is coming to see us for a <b>simple routine examination<\/b> or for <b>specialized care<\/b>, Vet et Nous is here to offer you <b>the most comprehensive care<\/b>, whichever your pet needs.<\/p>\n<p><img decoding=\"async\" class=\"float-image-left alignnone wp-image-114 size-full\" src=\"\/wp-content\/uploads\/2021\/06\/coeur-garcon-chien.png\" alt=\"Gar\u00e7on avec son chien\" width=\"465\" height=\"467\" srcset=\"https:\/\/www.vetetnous.com\/wp-content\/uploads\/2021\/06\/coeur-garcon-chien.png 465w, https:\/\/www.vetetnous.com\/wp-content\/uploads\/2021\/06\/coeur-garcon-chien-300x300.png 300w, https:\/\/www.vetetnous.com\/wp-content\/uploads\/2021\/06\/coeur-garcon-chien-150x150.png 150w\" sizes=\"(max-width: 465px) 100vw, 465px\" \/><\/p>\n<h2>Our Mission:<br \/>\nTaking Care of Him as if He Was Our Own!<\/h2>\n<p>We understand that there is <b>a special bond between you and your companion<\/b>, a unique connection that has united you from the first day they came into your life. We know this, because from the very first moment you look at your companion, we're also utterly charmed!<\/p>\n<p>Each member of our team supports our mission by providing quality care and the most appropriate advice to ensure the health and well-being of your companion.<\/p>\n<p>He is part of your family, and our family as well\u2026 and we will take care of him as if he was our own!<\/p>\n<h2>Our Values<\/h2>\n<ul>\n<li aria-level=\"1\"><b>Respect<\/b> for all - everyone is entitled to our consideration, our courtesy, and our compassion.<\/li>\n<li aria-level=\"1\"><b>Commitment<\/b> to providing high-quality, state-of-the-art veterinary care and services.<\/li>\n<li aria-level=\"1\"><strong>C<\/strong><b>ollaboration <\/b>between us, our teams, our patients, our customers, and our referring veterinarians.<\/li>\n<li aria-level=\"1\"><b>Open-mindedness<\/b> to everyone's points of view and situations.<\/li>\n<\/ul>\n<h3>Our values are backed by our Five Principles:<\/h3>\n<ul>\n<li aria-level=\"1\"><span class=\"TextRun SCXW210828970 BCX0\" lang=\"EN-CA\" xml:lang=\"EN-CA\" data-contrast=\"none\"><span class=\"NormalTextRun SCXW210828970 BCX0\">We are committed to\u202f<\/span><\/span><strong><span class=\"TextRun SCXW210828970 BCX0\" lang=\"EN-CA\" xml:lang=\"EN-CA\" data-contrast=\"none\"><span class=\"NormalTextRun SCXW210828970 BCX0\">Quality<\/span><\/span><\/strong><span class=\"TextRun SCXW210828970 BCX0\" lang=\"EN-CA\" xml:lang=\"EN-CA\" data-contrast=\"none\"><span class=\"NormalTextRun SCXW210828970 BCX0\"><strong>\u202f<\/strong>of work and contributions to society<\/span><\/span>,<\/li>\n<li aria-level=\"1\"><span class=\"TextRun SCXW132623441 BCX0\" lang=\"EN-CA\" xml:lang=\"EN-CA\" data-contrast=\"none\"><span class=\"NormalTextRun SCXW132623441 BCX0\">We embrace our\u202f <\/span><\/span><strong><span class=\"TextRun SCXW132623441 BCX0\" lang=\"EN-CA\" xml:lang=\"EN-CA\" data-contrast=\"none\"><span class=\"NormalTextRun SCXW132623441 BCX0\">Responsibility <\/span><\/span><\/strong><span class=\"TextRun SCXW132623441 BCX0\" lang=\"EN-CA\" xml:lang=\"EN-CA\" data-contrast=\"none\"><span class=\"NormalTextRun SCXW132623441 BCX0\">\u202f(as individuals and a company) to act now<\/span><\/span>,<\/li>\n<li aria-level=\"1\"><span class=\"TextRun SCXW203955930 BCX0\" lang=\"EN-CA\" xml:lang=\"EN-CA\" data-contrast=\"none\"><span class=\"NormalTextRun SCXW203955930 BCX0\">We base decisions on<strong>\u202f<\/strong><\/span><\/span><strong><span class=\"TextRun SCXW203955930 BCX0\" lang=\"EN-CA\" xml:lang=\"EN-CA\" data-contrast=\"none\"><span class=\"NormalTextRun SCXW203955930 BCX0\">Mutuality<\/span><\/span><\/strong><span class=\"TextRun SCXW203955930 BCX0\" lang=\"EN-CA\" xml:lang=\"EN-CA\" data-contrast=\"none\"><span class=\"NormalTextRun SCXW203955930 BCX0\">\u202fof benefit to our stakeholders<\/span><\/span>,<\/li>\n<li aria-level=\"1\"><span class=\"TextRun SCXW245314286 BCX0\" lang=\"EN-CA\" xml:lang=\"EN-CA\" data-contrast=\"none\"><span class=\"NormalTextRun SCXW245314286 BCX0\">We harness the power of\u202f <\/span><\/span><strong><span class=\"TextRun SCXW245314286 BCX0\" lang=\"EN-CA\" xml:lang=\"EN-CA\" data-contrast=\"none\"><span class=\"NormalTextRun SCXW245314286 BCX0\">Efficiency<\/span><\/span><\/strong><span class=\"TextRun SCXW245314286 BCX0\" lang=\"EN-CA\" xml:lang=\"EN-CA\" data-contrast=\"none\"><span class=\"NormalTextRun SCXW245314286 BCX0\">\u202f to use our resources to maximum effect,<\/span><\/span><\/li>\n<li aria-level=\"1\"><span class=\"TextRun SCXW62321568 BCX0\" lang=\"EN-CA\" xml:lang=\"EN-CA\" data-contrast=\"none\"><span class=\"NormalTextRun SCXW62321568 BCX0\">We have the financial \u202f<\/span><\/span><strong><span class=\"TextRun SCXW62321568 BCX0\" lang=\"EN-CA\" xml:lang=\"EN-CA\" data-contrast=\"none\"><span class=\"NormalTextRun SCXW62321568 BCX0\">Freedom<\/span><\/span><\/strong><span class=\"TextRun SCXW62321568 BCX0\" lang=\"EN-CA\" xml:lang=\"EN-CA\" data-contrast=\"none\"><span class=\"NormalTextRun SCXW62321568 BCX0\">\u202fto make our own decisions, unrestricted by motivations of others<\/span><\/span><span class=\"EOP SCXW62321568 BCX0\" data-ccp-props=\"{&quot;134233117&quot;:true,&quot;134233118&quot;:true,&quot;201341983&quot;:0,&quot;335557856&quot;:16777215,&quot;335559739&quot;:160,&quot;335559740&quot;:240}\">\u00a0<\/span><\/li>\n<\/ul>\n<h2>Our Story<\/h2>\n<p>In 1986, our first hospital was inaugurated in Brossard on the South shore of Montreal, under the name <b>H\u00f4pital V\u00e9t\u00e9rinaire Rive-Sud<\/b>. Over the years, the veterinary team has built its reputation by offering quality and diversified care to its patients.<\/p>\n<p>Thirteen years later, in 1999, it became the first emergency, general medicine and veterinary specialty hospital in Quebec. Now known as the <b>Centre V\u00e9t\u00e9rinaire Rive-Sud<\/b>, the veterinary team is present for its patients 24\/7 and provides specialized services.<\/p>\n<p>Having built a great reputation among veterinarians in the region, in 2008, the <b>H\u00f4pital V\u00e9t\u00e9rinaire St-Eustache \u2022 Deux-Montagnes <\/b>joins our team.<\/p>\n<p>In 2010, in order to respond more quickly to a growing clientele on the North shore of Montreal, we opened our second veterinary emergency and referral center, the <b>Centre V\u00e9t\u00e9rinaire Laval<\/b>. It was, and still is today, the largest veterinary emergency and referral center in Canada.<\/p>\n<h4>Since then, several hospitals and clinics have embarked on our great adventure!<\/h4>\n<h3><strong>2016<\/strong><\/h3>\n<ul>\n<li><strong>H\u00f4pital V\u00e9t\u00e9rinaire Blainville<\/strong><\/li>\n<li><strong>H\u00f4pital V\u00e9t\u00e9rinaire Ste-Th\u00e9r\u00e8se<\/strong><\/li>\n<li><strong>Clinique de Sant\u00e9 Animale<\/strong><\/li>\n<\/ul>\n<h3><strong>2018<\/strong><\/h3>\n<ul>\n<li><strong>H\u00f4pital V\u00e9t\u00e9rinaire Victoria Verdun<\/strong><\/li>\n<li><strong>H\u00f4pital V\u00e9t\u00e9rinaire Victoria Montr\u00e9al, now called Centre V\u00e9t\u00e9rinaire Montr\u00e9al<\/strong><\/li>\n<li><strong>H\u00f4pital V\u00e9t\u00e9rinaire Victoria St-Lambert<\/strong><\/li>\n<li><strong>H\u00f4pital V\u00e9t\u00e9rinaire Victoria Greenfield Park<\/strong><\/li>\n<\/ul>\n<h3><strong>2019<\/strong><\/h3>\n<ul>\n<li><strong>H\u00f4pital V\u00e9t\u00e9rinaire Ville St-Laurent<\/strong><\/li>\n<\/ul>\n<h3><strong>2021<\/strong><\/h3>\n<ul>\n<li><strong>H\u00f4pital V\u00e9t\u00e9rinaire des Moulins<\/strong><\/li>\n<li><strong>H\u00f4pital V\u00e9t\u00e9rinaire de la Laurentie<\/strong><\/li>\n<li><strong>H\u00f4pital V\u00e9t\u00e9rinaire du Portage<\/strong><\/li>\n<li><strong>H\u00f4pital V\u00e9t\u00e9rinaire de Repentigny<\/strong><\/li>\n<li><strong>H\u00f4pital V\u00e9t\u00e9rinaire Ste-Rose<\/strong><\/li>\n<li><strong>H\u00f4pital V\u00e9t\u00e9rinaire Trifluvien<\/strong><\/li>\n<li><strong>H\u00f4pital V\u00e9t\u00e9rinaire de l\u2019Ormi\u00e8re<\/strong><\/li>\n<\/ul>\n<h3><strong>2022<\/strong><\/h3>\n<ul>\n<li><strong>Pierrefonds Animal Hospital<\/strong><\/li>\n<li><strong>H\u00f4pital V\u00e9t\u00e9rinaire Victoria Ste-Julie<\/strong><\/li>\n<li><strong>Clinique V\u00e9t\u00e9rinaire Cimon Vanier<\/strong><\/li>\n<li><strong>Clinique V\u00e9t\u00e9rinaire Saint-Sacrement<\/strong><\/li>\n<li><strong>Clinique V\u00e9t\u00e9rinaire Loretteville<\/strong><\/li>\n<li><strong>H\u00f4pital V\u00e9t\u00e9rinaire de la Mont\u00e9r\u00e9gie<\/strong><\/li>\n<li><strong>Clinique V\u00e9t\u00e9rinaire de la Mont\u00e9r\u00e9gie<\/strong><\/li>\n<li><strong>H\u00f4pital V\u00e9t\u00e9rinaire des Laurentides<\/strong><\/li>\n<li><strong>Clinique V\u00e9t\u00e9rinaire F\u00e9line de Ste-Foy<\/strong><\/li>\n<li><strong>Clinique V\u00e9t\u00e9rinaire de Lanaudi\u00e8re-Nord<\/strong><\/li>\n<li><strong>Clinique V\u00e9t\u00e9rinaire de Beaumont<\/strong><\/li>\n<\/ul>\n<h3>2023<\/h3>\n<ul>\n<li><strong>Clinique V\u00e9t\u00e9rinaire de la Gare<\/strong><\/li>\n<li><strong>Bureau V\u00e9t\u00e9rinaire C\u00f4t\u00e9<\/strong><\/li>\n<li><strong>Clinique V\u00e9t\u00e9rinaire C\u00f4t\u00e9<\/strong><\/li>\n<li><strong>H\u00f4pital V\u00e9t\u00e9rinaire du Bois\u00e9<\/strong><\/li>\n<li><strong>Clinique V\u00e9t\u00e9rinaire Hochelaga<\/strong><\/li>\n<\/ul>\n<p>Their <strong>solid reputation<\/strong>, their <strong>passion<\/strong> for their <strong>work<\/strong> and above all the <strong>collaboration<\/strong> and <strong>complicity<\/strong> of their teams are assets and values that are important to us and we are happy to count all of these teams in our family.<\/p>\n<h2>A visit with us, it\u2019s...<\/h2>\n<div class=\"videoWrapper\"><iframe loading=\"lazy\" title=\"YouTube video player\" src=\"https:\/\/www.youtube.com\/embed\/jZhGkAHD4gM\" width=\"560\" height=\"315\" frameborder=\"0\" allowfullscreen=\"allowfullscreen\"><\/iframe><\/div>\n","protected":false},"excerpt":{"rendered":"<p>Behind Vet et Nous stands our customers, just like you! More than 350\u00a0000 families who trust us, year after year, to ensure the health and well-being of their companions! Vet et Nous is also more than 1 000 referring veterinarians. Veterinarians across the province of Quebec, who work in collaboration with our veterinarians and our [&hellip;]<\/p>\n","protected":false},"author":1,"featured_media":376,"parent":0,"menu_order":0,"comment_status":"closed","ping_status":"closed","template":"normal-3-titre.php","meta":{"_acf_changed":false,"footnotes":""},"class_list":["post-930","page","type-page","status-publish","has-post-thumbnail","hentry"],"acf":[],"yoast_head":"<!-- This site is optimized with the Yoast SEO plugin v26.9 - https:\/\/yoast.com\/product\/yoast-seo-wordpress\/ -->\n<title>Vet et Nous | Veterinary Medicine and Animal Health Services<\/title>\n<meta name=\"description\" content=\"Vet et Nous is more than 500 employees across the province of Quebec who work together to ensure the best care for your companion\" \/>\n<meta name=\"robots\" content=\"index, follow, max-snippet:-1, max-image-preview:large, max-video-preview:-1\" \/>\n<link rel=\"canonical\" href=\"https:\/\/www.vetetnous.com\/en\/about-us\/\" \/>\n<meta property=\"og:locale\" content=\"en_US\" \/>\n<meta property=\"og:type\" content=\"article\" \/>\n<meta property=\"og:title\" content=\"Vet et Nous | Veterinary Medicine and Animal Health Services\" \/>\n<meta property=\"og:description\" content=\"Vet et Nous is more than 500 employees across the province of Quebec who work together to ensure the best care for your companion\" \/>\n<meta property=\"og:url\" content=\"https:\/\/www.vetetnous.com\/en\/about-us\/\" \/>\n<meta property=\"og:site_name\" content=\"Vet et Nous\" \/>\n<meta property=\"article:modified_time\" content=\"2025-03-18T14:13:43+00:00\" \/>\n<meta property=\"og:image\" content=\"https:\/\/www.vetetnous.com\/wp-content\/uploads\/2021\/06\/entete-chien-caresse.jpg\" \/>\n\t<meta property=\"og:image:width\" content=\"1600\" \/>\n\t<meta property=\"og:image:height\" content=\"513\" \/>\n\t<meta property=\"og:image:type\" content=\"image\/jpeg\" \/>\n<meta name=\"twitter:card\" content=\"summary_large_image\" \/>\n<script type=\"application\/ld+json\" class=\"yoast-schema-graph\">{\"@context\":\"https:\/\/schema.org\",\"@graph\":[{\"@type\":\"WebPage\",\"@id\":\"https:\/\/www.vetetnous.com\/en\/about-us\/\",\"url\":\"https:\/\/www.vetetnous.com\/en\/about-us\/\",\"name\":\"Vet et Nous | Veterinary Medicine and Animal Health Services\",\"isPartOf\":{\"@id\":\"https:\/\/www.vetetnous.com\/en\/#website\"},\"primaryImageOfPage\":{\"@id\":\"https:\/\/www.vetetnous.com\/en\/about-us\/#primaryimage\"},\"image\":{\"@id\":\"https:\/\/www.vetetnous.com\/en\/about-us\/#primaryimage\"},\"thumbnailUrl\":\"https:\/\/www.vetetnous.com\/wp-content\/uploads\/2021\/06\/entete-chien-caresse.jpg\",\"datePublished\":\"2021-06-30T00:45:48+00:00\",\"dateModified\":\"2025-03-18T14:13:43+00:00\",\"description\":\"Vet et Nous is more than 500 employees across the province of Quebec who work together to ensure the best care for your companion\",\"breadcrumb\":{\"@id\":\"https:\/\/www.vetetnous.com\/en\/about-us\/#breadcrumb\"},\"inLanguage\":\"en-US\",\"potentialAction\":[{\"@type\":\"ReadAction\",\"target\":[\"https:\/\/www.vetetnous.com\/en\/about-us\/\"]}]},{\"@type\":\"ImageObject\",\"inLanguage\":\"en-US\",\"@id\":\"https:\/\/www.vetetnous.com\/en\/about-us\/#primaryimage\",\"url\":\"https:\/\/www.vetetnous.com\/wp-content\/uploads\/2021\/06\/entete-chien-caresse.jpg\",\"contentUrl\":\"https:\/\/www.vetetnous.com\/wp-content\/uploads\/2021\/06\/entete-chien-caresse.jpg\",\"width\":1600,\"height\":513},{\"@type\":\"BreadcrumbList\",\"@id\":\"https:\/\/www.vetetnous.com\/en\/about-us\/#breadcrumb\",\"itemListElement\":[{\"@type\":\"ListItem\",\"position\":1,\"name\":\"Home\",\"item\":\"https:\/\/www.vetetnous.com\/en\/\"},{\"@type\":\"ListItem\",\"position\":2,\"name\":\"About us\"}]},{\"@type\":\"WebSite\",\"@id\":\"https:\/\/www.vetetnous.com\/en\/#website\",\"url\":\"https:\/\/www.vetetnous.com\/en\/\",\"name\":\"Vet et Nous\",\"description\":\"Vet et Nous\",\"potentialAction\":[{\"@type\":\"SearchAction\",\"target\":{\"@type\":\"EntryPoint\",\"urlTemplate\":\"https:\/\/www.vetetnous.com\/en\/?s={search_term_string}\"},\"query-input\":{\"@type\":\"PropertyValueSpecification\",\"valueRequired\":true,\"valueName\":\"search_term_string\"}}],\"inLanguage\":\"en-US\"}]}<\/script>\n<!-- \/ Yoast SEO plugin. -->","yoast_head_json":{"title":"Vet et Nous | Veterinary Medicine and Animal Health Services","description":"Vet et Nous is more than 500 employees across the province of Quebec who work together to ensure the best care for your companion","robots":{"index":"index","follow":"follow","max-snippet":"max-snippet:-1","max-image-preview":"max-image-preview:large","max-video-preview":"max-video-preview:-1"},"canonical":"https:\/\/www.vetetnous.com\/en\/about-us\/","og_locale":"en_US","og_type":"article","og_title":"Vet et Nous | Veterinary Medicine and Animal Health Services","og_description":"Vet et Nous is more than 500 employees across the province of Quebec who work together to ensure the best care for your companion","og_url":"https:\/\/www.vetetnous.com\/en\/about-us\/","og_site_name":"Vet et Nous","article_modified_time":"2025-03-18T14:13:43+00:00","og_image":[{"width":1600,"height":513,"url":"https:\/\/www.vetetnous.com\/wp-content\/uploads\/2021\/06\/entete-chien-caresse.jpg","type":"image\/jpeg"}],"twitter_card":"summary_large_image","schema":{"@context":"https:\/\/schema.org","@graph":[{"@type":"WebPage","@id":"https:\/\/www.vetetnous.com\/en\/about-us\/","url":"https:\/\/www.vetetnous.com\/en\/about-us\/","name":"Vet et Nous | Veterinary Medicine and Animal Health Services","isPartOf":{"@id":"https:\/\/www.vetetnous.com\/en\/#website"},"primaryImageOfPage":{"@id":"https:\/\/www.vetetnous.com\/en\/about-us\/#primaryimage"},"image":{"@id":"https:\/\/www.vetetnous.com\/en\/about-us\/#primaryimage"},"thumbnailUrl":"https:\/\/www.vetetnous.com\/wp-content\/uploads\/2021\/06\/entete-chien-caresse.jpg","datePublished":"2021-06-30T00:45:48+00:00","dateModified":"2025-03-18T14:13:43+00:00","description":"Vet et Nous is more than 500 employees across the province of Quebec who work together to ensure the best care for your companion","breadcrumb":{"@id":"https:\/\/www.vetetnous.com\/en\/about-us\/#breadcrumb"},"inLanguage":"en-US","potentialAction":[{"@type":"ReadAction","target":["https:\/\/www.vetetnous.com\/en\/about-us\/"]}]},{"@type":"ImageObject","inLanguage":"en-US","@id":"https:\/\/www.vetetnous.com\/en\/about-us\/#primaryimage","url":"https:\/\/www.vetetnous.com\/wp-content\/uploads\/2021\/06\/entete-chien-caresse.jpg","contentUrl":"https:\/\/www.vetetnous.com\/wp-content\/uploads\/2021\/06\/entete-chien-caresse.jpg","width":1600,"height":513},{"@type":"BreadcrumbList","@id":"https:\/\/www.vetetnous.com\/en\/about-us\/#breadcrumb","itemListElement":[{"@type":"ListItem","position":1,"name":"Home","item":"https:\/\/www.vetetnous.com\/en\/"},{"@type":"ListItem","position":2,"name":"About us"}]},{"@type":"WebSite","@id":"https:\/\/www.vetetnous.com\/en\/#website","url":"https:\/\/www.vetetnous.com\/en\/","name":"Vet et Nous","description":"Vet et Nous","potentialAction":[{"@type":"SearchAction","target":{"@type":"EntryPoint","urlTemplate":"https:\/\/www.vetetnous.com\/en\/?s={search_term_string}"},"query-input":{"@type":"PropertyValueSpecification","valueRequired":true,"valueName":"search_term_string"}}],"inLanguage":"en-US"}]}},"publishpress_future_workflow_manual_trigger":{"enabledWorkflows":[]},"_links":{"self":[{"href":"https:\/\/www.vetetnous.com\/en\/wp-json\/wp\/v2\/pages\/930","targetHints":{"allow":["GET"]}}],"collection":[{"href":"https:\/\/www.vetetnous.com\/en\/wp-json\/wp\/v2\/pages"}],"about":[{"href":"https:\/\/www.vetetnous.com\/en\/wp-json\/wp\/v2\/types\/page"}],"author":[{"embeddable":true,"href":"https:\/\/www.vetetnous.com\/en\/wp-json\/wp\/v2\/users\/1"}],"replies":[{"embeddable":true,"href":"https:\/\/www.vetetnous.com\/en\/wp-json\/wp\/v2\/comments?post=930"}],"version-history":[{"count":20,"href":"https:\/\/www.vetetnous.com\/en\/wp-json\/wp\/v2\/pages\/930\/revisions"}],"predecessor-version":[{"id":6323,"href":"https:\/\/www.vetetnous.com\/en\/wp-json\/wp\/v2\/pages\/930\/revisions\/6323"}],"wp:featuredmedia":[{"embeddable":true,"href":"https:\/\/www.vetetnous.com\/en\/wp-json\/wp\/v2\/media\/376"}],"wp:attachment":[{"href":"https:\/\/www.vetetnous.com\/en\/wp-json\/wp\/v2\/media?parent=930"}],"curies":[{"name":"wp","href":"https:\/\/api.w.org\/{rel}","templated":true}]}}