{"id":5588,"date":"2024-09-06T14:23:44","date_gmt":"2024-09-06T18:23:44","guid":{"rendered":"https:\/\/www.vetetnous.com\/?page_id=5588"},"modified":"2025-06-25T15:51:51","modified_gmt":"2025-06-25T19:51:51","slug":"public-filings","status":"publish","type":"page","link":"https:\/\/www.vetetnous.com\/en\/public-filings\/","title":{"rendered":"Public Filings"},"content":{"rendered":"<ul>\n<li><span style=\"color: #000000;\"><strong><a style=\"color: #000000;\" href=\"https:\/\/bit.ly\/GVMIR\" target=\"_blank\" rel=\"noopener\">2023 Modern Slavery Report - Groupe V\u00e9t\u00e9ri M\u00e9dic inc.<\/a><\/strong><\/span><\/li>\n<li><strong><span style=\"color: #000000;\"><a style=\"color: #000000;\" href=\"https:\/\/bit.ly\/VCAReport\">2023 Modern Slavery Report - VCA Veterinary Group Ltd.<\/a><\/span><\/strong><\/li>\n<li><a href=\"https:\/\/www.vetetnous.com\/wp-content\/uploads\/2025\/06\/GVMI2024-Modern-Slavery-Report-Final.pdf\" target=\"_blank\" rel=\"noopener\">2024 Modern Slavery Report - Groupe V\u00e9t\u00e9ri M\u00e9dic Inc.<\/a><\/li>\n<li><a href=\"https:\/\/www.vetetnous.com\/wp-content\/uploads\/2025\/06\/VCA-Veterinary-Group-Ltd.2024-Modern-Slavery-Report-Final.pdf\" target=\"_blank\" rel=\"noopener\">2024 Modern Slavery Report - VCA Veterinary Group Ltd.<\/a><\/li>\n<\/ul>\n","protected":false},"excerpt":{"rendered":"<p>2023 Modern Slavery Report &#8211; Groupe V\u00e9t\u00e9ri M\u00e9dic inc. 2023 Modern Slavery Report &#8211; VCA Veterinary Group Ltd. 2024 Modern Slavery Report &#8211; Groupe V\u00e9t\u00e9ri M\u00e9dic Inc. 2024 Modern Slavery Report &#8211; VCA Veterinary Group Ltd.<\/p>\n","protected":false},"author":5,"featured_media":0,"parent":0,"menu_order":0,"comment_status":"closed","ping_status":"closed","template":"page-plain.php","meta":{"_acf_changed":false,"footnotes":""},"class_list":["post-5588","page","type-page","status-publish","hentry"],"acf":[],"yoast_head":"<!-- This site is optimized with the Yoast SEO plugin v26.9 - https:\/\/yoast.com\/product\/yoast-seo-wordpress\/ -->\n<title>Public Filings - Vet et Nous<\/title>\n<meta name=\"robots\" content=\"index, follow, max-snippet:-1, max-image-preview:large, max-video-preview:-1\" \/>\n<link rel=\"canonical\" href=\"https:\/\/www.vetetnous.com\/en\/public-filings\/\" \/>\n<meta property=\"og:locale\" content=\"en_US\" \/>\n<meta property=\"og:type\" content=\"article\" \/>\n<meta property=\"og:title\" content=\"Public Filings - Vet et Nous\" \/>\n<meta property=\"og:description\" content=\"2023 Modern Slavery Report - Groupe V\u00e9t\u00e9ri M\u00e9dic inc. 2023 Modern Slavery Report - VCA Veterinary Group Ltd. 2024 Modern Slavery Report - Groupe V\u00e9t\u00e9ri M\u00e9dic Inc. 2024 Modern Slavery Report - VCA Veterinary Group Ltd.\" \/>\n<meta property=\"og:url\" content=\"https:\/\/www.vetetnous.com\/en\/public-filings\/\" \/>\n<meta property=\"og:site_name\" content=\"Vet et Nous\" \/>\n<meta property=\"article:modified_time\" content=\"2025-06-25T19:51:51+00:00\" \/>\n<meta name=\"twitter:card\" content=\"summary_large_image\" \/>\n<script type=\"application\/ld+json\" class=\"yoast-schema-graph\">{\"@context\":\"https:\/\/schema.org\",\"@graph\":[{\"@type\":\"WebPage\",\"@id\":\"https:\/\/www.vetetnous.com\/en\/public-filings\/\",\"url\":\"https:\/\/www.vetetnous.com\/en\/public-filings\/\",\"name\":\"Public Filings - Vet et Nous\",\"isPartOf\":{\"@id\":\"https:\/\/www.vetetnous.com\/en\/#website\"},\"datePublished\":\"2024-09-06T18:23:44+00:00\",\"dateModified\":\"2025-06-25T19:51:51+00:00\",\"breadcrumb\":{\"@id\":\"https:\/\/www.vetetnous.com\/en\/public-filings\/#breadcrumb\"},\"inLanguage\":\"en-US\",\"potentialAction\":[{\"@type\":\"ReadAction\",\"target\":[\"https:\/\/www.vetetnous.com\/en\/public-filings\/\"]}]},{\"@type\":\"BreadcrumbList\",\"@id\":\"https:\/\/www.vetetnous.com\/en\/public-filings\/#breadcrumb\",\"itemListElement\":[{\"@type\":\"ListItem\",\"position\":1,\"name\":\"Home\",\"item\":\"https:\/\/www.vetetnous.com\/en\/\"},{\"@type\":\"ListItem\",\"position\":2,\"name\":\"Public Filings\"}]},{\"@type\":\"WebSite\",\"@id\":\"https:\/\/www.vetetnous.com\/en\/#website\",\"url\":\"https:\/\/www.vetetnous.com\/en\/\",\"name\":\"Vet et Nous\",\"description\":\"Vet et Nous\",\"potentialAction\":[{\"@type\":\"SearchAction\",\"target\":{\"@type\":\"EntryPoint\",\"urlTemplate\":\"https:\/\/www.vetetnous.com\/en\/?s={search_term_string}\"},\"query-input\":{\"@type\":\"PropertyValueSpecification\",\"valueRequired\":true,\"valueName\":\"search_term_string\"}}],\"inLanguage\":\"en-US\"}]}<\/script>\n<!-- \/ Yoast SEO plugin. -->","yoast_head_json":{"title":"Public Filings - Vet et Nous","robots":{"index":"index","follow":"follow","max-snippet":"max-snippet:-1","max-image-preview":"max-image-preview:large","max-video-preview":"max-video-preview:-1"},"canonical":"https:\/\/www.vetetnous.com\/en\/public-filings\/","og_locale":"en_US","og_type":"article","og_title":"Public Filings - Vet et Nous","og_description":"2023 Modern Slavery Report - Groupe V\u00e9t\u00e9ri M\u00e9dic inc. 2023 Modern Slavery Report - VCA Veterinary Group Ltd. 2024 Modern Slavery Report - Groupe V\u00e9t\u00e9ri M\u00e9dic Inc. 2024 Modern Slavery Report - VCA Veterinary Group Ltd.","og_url":"https:\/\/www.vetetnous.com\/en\/public-filings\/","og_site_name":"Vet et Nous","article_modified_time":"2025-06-25T19:51:51+00:00","twitter_card":"summary_large_image","schema":{"@context":"https:\/\/schema.org","@graph":[{"@type":"WebPage","@id":"https:\/\/www.vetetnous.com\/en\/public-filings\/","url":"https:\/\/www.vetetnous.com\/en\/public-filings\/","name":"Public Filings - Vet et Nous","isPartOf":{"@id":"https:\/\/www.vetetnous.com\/en\/#website"},"datePublished":"2024-09-06T18:23:44+00:00","dateModified":"2025-06-25T19:51:51+00:00","breadcrumb":{"@id":"https:\/\/www.vetetnous.com\/en\/public-filings\/#breadcrumb"},"inLanguage":"en-US","potentialAction":[{"@type":"ReadAction","target":["https:\/\/www.vetetnous.com\/en\/public-filings\/"]}]},{"@type":"BreadcrumbList","@id":"https:\/\/www.vetetnous.com\/en\/public-filings\/#breadcrumb","itemListElement":[{"@type":"ListItem","position":1,"name":"Home","item":"https:\/\/www.vetetnous.com\/en\/"},{"@type":"ListItem","position":2,"name":"Public Filings"}]},{"@type":"WebSite","@id":"https:\/\/www.vetetnous.com\/en\/#website","url":"https:\/\/www.vetetnous.com\/en\/","name":"Vet et Nous","description":"Vet et Nous","potentialAction":[{"@type":"SearchAction","target":{"@type":"EntryPoint","urlTemplate":"https:\/\/www.vetetnous.com\/en\/?s={search_term_string}"},"query-input":{"@type":"PropertyValueSpecification","valueRequired":true,"valueName":"search_term_string"}}],"inLanguage":"en-US"}]}},"publishpress_future_workflow_manual_trigger":{"enabledWorkflows":[]},"_links":{"self":[{"href":"https:\/\/www.vetetnous.com\/en\/wp-json\/wp\/v2\/pages\/5588","targetHints":{"allow":["GET"]}}],"collection":[{"href":"https:\/\/www.vetetnous.com\/en\/wp-json\/wp\/v2\/pages"}],"about":[{"href":"https:\/\/www.vetetnous.com\/en\/wp-json\/wp\/v2\/types\/page"}],"author":[{"embeddable":true,"href":"https:\/\/www.vetetnous.com\/en\/wp-json\/wp\/v2\/users\/5"}],"replies":[{"embeddable":true,"href":"https:\/\/www.vetetnous.com\/en\/wp-json\/wp\/v2\/comments?post=5588"}],"version-history":[{"count":6,"href":"https:\/\/www.vetetnous.com\/en\/wp-json\/wp\/v2\/pages\/5588\/revisions"}],"predecessor-version":[{"id":6663,"href":"https:\/\/www.vetetnous.com\/en\/wp-json\/wp\/v2\/pages\/5588\/revisions\/6663"}],"wp:attachment":[{"href":"https:\/\/www.vetetnous.com\/en\/wp-json\/wp\/v2\/media?parent=5588"}],"curies":[{"name":"wp","href":"https:\/\/api.w.org\/{rel}","templated":true}]}}