{"id":335,"date":"2021-06-29T19:20:45","date_gmt":"2021-06-29T19:20:45","guid":{"rendered":"https:\/\/impulsionmedia.com\/ven\/?page_id=335"},"modified":"2025-01-29T14:26:33","modified_gmt":"2025-01-29T19:26:33","slug":"veterinarians","status":"publish","type":"page","link":"https:\/\/www.vetetnous.com\/en\/veterinarians\/","title":{"rendered":"Our veterinarians"},"content":{"rendered":"<p>Whether it's week day, evening or night, or during the weekend, you always have a Vet et Nous team ready and prepared to take care of your pets.<\/p>\n<h2>Find a veterinarian near you<\/h2>\n<style>\r\n\t#wpsl-stores .wpsl-store-thumb {height:45px !important; width:45px !important;}\r\n\t#wpsl-stores, #wpsl-direction-details, #wpsl-gmap {height:550px !important;}\r\n\t#wpsl-gmap .wpsl-info-window {max-width:225px !important;}\r\n\t.wpsl-input label, #wpsl-radius label, #wpsl-category label {width:150px;}\r\n\t#wpsl-search-input  {width:179px;}\r\n<\/style>\r\n<div id=\"wpsl-wrap\">\r\n\t<div class=\"wpsl-search wpsl-clearfix \">\r\n\t\t<div id=\"wpsl-search-wrap\">\r\n\t\t\t<form autocomplete=\"off\">\r\n\t\t\t<div class=\"wpsl-input\">\r\n\t\t\t\t<div><label for=\"wpsl-search-input\">City or postal code<\/label><\/div>\r\n\t\t\t\t<input id=\"wpsl-search-input\" type=\"text\" value=\"\" name=\"wpsl-search-input\" placeholder=\"\" aria-required=\"true\" \/>\r\n\t\t\t<\/div>\r\n\t\t\t<div class=\"wpsl-select-wrap\">\r\n\t\t\t\t<div id=\"wpsl-radius\">\r\n\t\t\t\t\t<label for=\"wpsl-radius-dropdown\">Distance<\/label>\r\n\t\t\t\t\t<select id=\"wpsl-radius-dropdown\" class=\"wpsl-dropdown\" name=\"wpsl-radius\">\r\n\t\t\t\t\t\t<option value=\"10\">10 km<\/option><option value=\"25\">25 km<\/option><option value=\"50\">50 km<\/option><option value=\"100\">100 km<\/option><option value=\"200\">200 km<\/option><option selected=\"selected\" value=\"500\">500 km<\/option>\r\n\t\t\t\t\t<\/select>\r\n\t\t\t\t<\/div>\r\n\t\t\t\t<div id=\"wpsl-results\">\r\n\t\t\t\t\t<label for=\"wpsl-results-dropdown\">Results<\/label>\r\n\t\t\t\t\t<select id=\"wpsl-results-dropdown\" class=\"wpsl-dropdown\" name=\"wpsl-results\">\r\n\t\t\t\t\t\t<option value=\"10\">10<\/option><option value=\"15\">15<\/option><option value=\"25\">25<\/option><option selected=\"selected\" value=\"50\">50<\/option>\r\n\t\t\t\t\t<\/select>\r\n\t\t\t\t<\/div>\r\n\t\t\t<\/div>\r\n\t\t\t\t<div class=\"wpsl-search-btn-wrap\"><input id=\"wpsl-search-btn\" type=\"submit\" value=\"Search\"><\/div>\r\n\t\t<\/form>\r\n\t\t<\/div>\r\n\t<\/div>\r\n\t<div id=\"wpsl-gmap\" class=\"wpsl-gmap-canvas\"><\/div>\r\n\t<div id=\"wpsl-result-list\">\r\n\t\t<div id=\"wpsl-stores\" >\r\n\t\t\t<ul><\/ul>\r\n\t\t<\/div>\r\n\t\t<div id=\"wpsl-direction-details\">\r\n\t\t\t<ul><\/ul>\r\n\t\t<\/div>\r\n\t<\/div>\r\n<\/div>\r\n\n<div class=\"row-section-veterinaire trouvez\">\n<h2 id=\"centre-lien\">Our emergency and referral centers<\/h2>\n<div class=\"veterinaire-liste\">\n<div class=\"veterinaire-container bottom\">\n<h3>Montr\u00e9al<\/h3>\n<h4><a href=\"\/en\/centres\/centre-veterinaire-montreal\/\">Centre V\u00e9t\u00e9rinaire Montr\u00e9al<\/a><\/h4>\n<div class=\"adresse-container\">\n<div class=\"adresse\">1901 boul. de Maisonneuve E<br \/>\nMontr\u00e9al, QC&nbsp; H2K 4P4<\/div>\n<div class=\"tel\"><a href=\"tel:4383872746\">438 387-2746<\/a><\/div>\n<\/div>\n<p><a href=\"\/en\/centres\/centre-veterinaire-montreal\/\"><img decoding=\"async\" class=\"icn-24\" src=\"\/wp-content\/uploads\/2021\/09\/24-7.png\" alt=\"\" width=\"100\" height=\"79\"><\/a>\n<\/p>\n<\/div>\n<div class=\"veterinaire-container bottom\">\n<h3>North shore of Montr\u00e9al<\/h3>\n<h4><a href=\"\/en\/centres\/centre-veterinaire-laval\/\">Centre V\u00e9t\u00e9rinaire Laval<\/a><\/h4>\n<div class=\"adresse-container\">\n<div class=\"adresse\">4530 autoroute 440<br \/>\nLaval, QC&nbsp; H7T 2P7<\/div>\n<div class=\"tel\"><a href=\"tel:4507811200\">450 781-1200<\/a><\/div>\n<\/div>\n<p><a href=\"\/en\/centres\/centre-veterinaire-laval\/\"><img decoding=\"async\" class=\"icn-24\" src=\"\/wp-content\/uploads\/2021\/09\/24-7.png\" alt=\"\" width=\"100\" height=\"79\"><\/a>\n<\/p>\n<\/div>\n<div class=\"veterinaire-container bottom\">\n<h3>South Shore of Montr\u00e9al<\/h3>\n<h4><a href=\"\/en\/centres\/centre-veterinaire-rive-sud\/\">Centre V\u00e9t\u00e9rinaire Rive-Sud<\/a><\/h4>\n<div class=\"adresse-container\">\n<div class=\"adresse\">7415 boul. Taschereau,<br \/>\nBrossard, QC&nbsp; J4Y 1A2<\/div>\n<div class=\"tel\"><a href=\"tel:4506563660\">450 656-3660<\/a><\/div>\n<\/div>\n<p><a href=\"\/en\/centres\/centre-veterinaire-rive-sud\/\"><img decoding=\"async\" class=\"icn-24\" src=\"\/wp-content\/uploads\/2021\/09\/24-7.png\" alt=\"\" width=\"100\" height=\"79\"><\/a>\n<\/p>\n<\/div>\n<\/div>\n<\/div>\n","protected":false},"excerpt":{"rendered":"<p>Whether it&#8217;s week day, evening or night, or during the weekend, you always have a Vet et Nous team ready and prepared to take care of your pets. Find a veterinarian near you Our emergency and referral centers Montr\u00e9al Centre V\u00e9t\u00e9rinaire Montr\u00e9al 1901 boul. de Maisonneuve E Montr\u00e9al, QC&nbsp; H2K 4P4 438 387-2746 North shore [&hellip;]<\/p>\n","protected":false},"author":1,"featured_media":338,"parent":0,"menu_order":0,"comment_status":"closed","ping_status":"closed","template":"trouvez.php","meta":{"_acf_changed":false,"footnotes":""},"class_list":["post-335","page","type-page","status-publish","has-post-thumbnail","hentry"],"acf":[],"yoast_head":"<!-- This site is optimized with the Yoast SEO plugin v26.9 - https:\/\/yoast.com\/product\/yoast-seo-wordpress\/ -->\n<title>Veterinarian Hospitals: Our Services 24\/7| Vet et Nous<\/title>\n<meta name=\"description\" content=\"With extended opening hours, Vet et Nous hospitals and veterinary centers are accessible when a mishap happens. Find the nearest locations.\" \/>\n<meta name=\"robots\" content=\"index, follow, max-snippet:-1, max-image-preview:large, max-video-preview:-1\" \/>\n<link rel=\"canonical\" href=\"https:\/\/www.vetetnous.com\/en\/veterinarians\/\" \/>\n<meta property=\"og:locale\" content=\"en_US\" \/>\n<meta property=\"og:type\" content=\"article\" \/>\n<meta property=\"og:title\" content=\"Veterinarian Hospitals: Our Services 24\/7| Vet et Nous\" \/>\n<meta property=\"og:description\" content=\"With extended opening hours, Vet et Nous hospitals and veterinary centers are accessible when a mishap happens. Find the nearest locations.\" \/>\n<meta property=\"og:url\" content=\"https:\/\/www.vetetnous.com\/en\/veterinarians\/\" \/>\n<meta property=\"og:site_name\" content=\"Vet et Nous\" \/>\n<meta property=\"article:modified_time\" content=\"2025-01-29T19:26:33+00:00\" \/>\n<meta property=\"og:image\" content=\"https:\/\/www.vetetnous.com\/wp-content\/uploads\/2021\/06\/entete-chien-auto-fenetre.jpg\" \/>\n\t<meta property=\"og:image:width\" content=\"1600\" \/>\n\t<meta property=\"og:image:height\" content=\"513\" \/>\n\t<meta property=\"og:image:type\" content=\"image\/jpeg\" \/>\n<meta name=\"twitter:card\" content=\"summary_large_image\" \/>\n<script type=\"application\/ld+json\" class=\"yoast-schema-graph\">{\"@context\":\"https:\/\/schema.org\",\"@graph\":[{\"@type\":\"WebPage\",\"@id\":\"https:\/\/www.vetetnous.com\/en\/veterinarians\/\",\"url\":\"https:\/\/www.vetetnous.com\/en\/veterinarians\/\",\"name\":\"Veterinarian Hospitals: Our Services 24\/7| Vet et Nous\",\"isPartOf\":{\"@id\":\"https:\/\/www.vetetnous.com\/en\/#website\"},\"primaryImageOfPage\":{\"@id\":\"https:\/\/www.vetetnous.com\/en\/veterinarians\/#primaryimage\"},\"image\":{\"@id\":\"https:\/\/www.vetetnous.com\/en\/veterinarians\/#primaryimage\"},\"thumbnailUrl\":\"https:\/\/www.vetetnous.com\/wp-content\/uploads\/2021\/06\/entete-chien-auto-fenetre.jpg\",\"datePublished\":\"2021-06-29T19:20:45+00:00\",\"dateModified\":\"2025-01-29T19:26:33+00:00\",\"description\":\"With extended opening hours, Vet et Nous hospitals and veterinary centers are accessible when a mishap happens. Find the nearest locations.\",\"breadcrumb\":{\"@id\":\"https:\/\/www.vetetnous.com\/en\/veterinarians\/#breadcrumb\"},\"inLanguage\":\"en-US\",\"potentialAction\":[{\"@type\":\"ReadAction\",\"target\":[\"https:\/\/www.vetetnous.com\/en\/veterinarians\/\"]}]},{\"@type\":\"ImageObject\",\"inLanguage\":\"en-US\",\"@id\":\"https:\/\/www.vetetnous.com\/en\/veterinarians\/#primaryimage\",\"url\":\"https:\/\/www.vetetnous.com\/wp-content\/uploads\/2021\/06\/entete-chien-auto-fenetre.jpg\",\"contentUrl\":\"https:\/\/www.vetetnous.com\/wp-content\/uploads\/2021\/06\/entete-chien-auto-fenetre.jpg\",\"width\":1600,\"height\":513},{\"@type\":\"BreadcrumbList\",\"@id\":\"https:\/\/www.vetetnous.com\/en\/veterinarians\/#breadcrumb\",\"itemListElement\":[{\"@type\":\"ListItem\",\"position\":1,\"name\":\"Home\",\"item\":\"https:\/\/www.vetetnous.com\/en\/\"},{\"@type\":\"ListItem\",\"position\":2,\"name\":\"Our veterinarians\"}]},{\"@type\":\"WebSite\",\"@id\":\"https:\/\/www.vetetnous.com\/en\/#website\",\"url\":\"https:\/\/www.vetetnous.com\/en\/\",\"name\":\"Vet et Nous\",\"description\":\"Vet et Nous\",\"potentialAction\":[{\"@type\":\"SearchAction\",\"target\":{\"@type\":\"EntryPoint\",\"urlTemplate\":\"https:\/\/www.vetetnous.com\/en\/?s={search_term_string}\"},\"query-input\":{\"@type\":\"PropertyValueSpecification\",\"valueRequired\":true,\"valueName\":\"search_term_string\"}}],\"inLanguage\":\"en-US\"}]}<\/script>\n<!-- \/ Yoast SEO plugin. -->","yoast_head_json":{"title":"Veterinarian Hospitals: Our Services 24\/7| Vet et Nous","description":"With extended opening hours, Vet et Nous hospitals and veterinary centers are accessible when a mishap happens. Find the nearest locations.","robots":{"index":"index","follow":"follow","max-snippet":"max-snippet:-1","max-image-preview":"max-image-preview:large","max-video-preview":"max-video-preview:-1"},"canonical":"https:\/\/www.vetetnous.com\/en\/veterinarians\/","og_locale":"en_US","og_type":"article","og_title":"Veterinarian Hospitals: Our Services 24\/7| Vet et Nous","og_description":"With extended opening hours, Vet et Nous hospitals and veterinary centers are accessible when a mishap happens. Find the nearest locations.","og_url":"https:\/\/www.vetetnous.com\/en\/veterinarians\/","og_site_name":"Vet et Nous","article_modified_time":"2025-01-29T19:26:33+00:00","og_image":[{"width":1600,"height":513,"url":"https:\/\/www.vetetnous.com\/wp-content\/uploads\/2021\/06\/entete-chien-auto-fenetre.jpg","type":"image\/jpeg"}],"twitter_card":"summary_large_image","schema":{"@context":"https:\/\/schema.org","@graph":[{"@type":"WebPage","@id":"https:\/\/www.vetetnous.com\/en\/veterinarians\/","url":"https:\/\/www.vetetnous.com\/en\/veterinarians\/","name":"Veterinarian Hospitals: Our Services 24\/7| Vet et Nous","isPartOf":{"@id":"https:\/\/www.vetetnous.com\/en\/#website"},"primaryImageOfPage":{"@id":"https:\/\/www.vetetnous.com\/en\/veterinarians\/#primaryimage"},"image":{"@id":"https:\/\/www.vetetnous.com\/en\/veterinarians\/#primaryimage"},"thumbnailUrl":"https:\/\/www.vetetnous.com\/wp-content\/uploads\/2021\/06\/entete-chien-auto-fenetre.jpg","datePublished":"2021-06-29T19:20:45+00:00","dateModified":"2025-01-29T19:26:33+00:00","description":"With extended opening hours, Vet et Nous hospitals and veterinary centers are accessible when a mishap happens. Find the nearest locations.","breadcrumb":{"@id":"https:\/\/www.vetetnous.com\/en\/veterinarians\/#breadcrumb"},"inLanguage":"en-US","potentialAction":[{"@type":"ReadAction","target":["https:\/\/www.vetetnous.com\/en\/veterinarians\/"]}]},{"@type":"ImageObject","inLanguage":"en-US","@id":"https:\/\/www.vetetnous.com\/en\/veterinarians\/#primaryimage","url":"https:\/\/www.vetetnous.com\/wp-content\/uploads\/2021\/06\/entete-chien-auto-fenetre.jpg","contentUrl":"https:\/\/www.vetetnous.com\/wp-content\/uploads\/2021\/06\/entete-chien-auto-fenetre.jpg","width":1600,"height":513},{"@type":"BreadcrumbList","@id":"https:\/\/www.vetetnous.com\/en\/veterinarians\/#breadcrumb","itemListElement":[{"@type":"ListItem","position":1,"name":"Home","item":"https:\/\/www.vetetnous.com\/en\/"},{"@type":"ListItem","position":2,"name":"Our veterinarians"}]},{"@type":"WebSite","@id":"https:\/\/www.vetetnous.com\/en\/#website","url":"https:\/\/www.vetetnous.com\/en\/","name":"Vet et Nous","description":"Vet et Nous","potentialAction":[{"@type":"SearchAction","target":{"@type":"EntryPoint","urlTemplate":"https:\/\/www.vetetnous.com\/en\/?s={search_term_string}"},"query-input":{"@type":"PropertyValueSpecification","valueRequired":true,"valueName":"search_term_string"}}],"inLanguage":"en-US"}]}},"publishpress_future_workflow_manual_trigger":{"enabledWorkflows":[]},"_links":{"self":[{"href":"https:\/\/www.vetetnous.com\/en\/wp-json\/wp\/v2\/pages\/335","targetHints":{"allow":["GET"]}}],"collection":[{"href":"https:\/\/www.vetetnous.com\/en\/wp-json\/wp\/v2\/pages"}],"about":[{"href":"https:\/\/www.vetetnous.com\/en\/wp-json\/wp\/v2\/types\/page"}],"author":[{"embeddable":true,"href":"https:\/\/www.vetetnous.com\/en\/wp-json\/wp\/v2\/users\/1"}],"replies":[{"embeddable":true,"href":"https:\/\/www.vetetnous.com\/en\/wp-json\/wp\/v2\/comments?post=335"}],"version-history":[{"count":4,"href":"https:\/\/www.vetetnous.com\/en\/wp-json\/wp\/v2\/pages\/335\/revisions"}],"predecessor-version":[{"id":6191,"href":"https:\/\/www.vetetnous.com\/en\/wp-json\/wp\/v2\/pages\/335\/revisions\/6191"}],"wp:featuredmedia":[{"embeddable":true,"href":"https:\/\/www.vetetnous.com\/en\/wp-json\/wp\/v2\/media\/338"}],"wp:attachment":[{"href":"https:\/\/www.vetetnous.com\/en\/wp-json\/wp\/v2\/media?parent=335"}],"curies":[{"name":"wp","href":"https:\/\/api.w.org\/{rel}","templated":true}]}}