{"id":3264,"date":"2022-12-11T22:43:49","date_gmt":"2022-12-12T03:43:49","guid":{"rendered":"https:\/\/dev.vetetnous.com\/banque-de-sang\/"},"modified":"2024-12-17T11:38:54","modified_gmt":"2024-12-17T16:38:54","slug":"blood-donation","status":"publish","type":"page","link":"https:\/\/www.vetetnous.com\/en\/blood-donation\/","title":{"rendered":"Blood donation"},"content":{"rendered":"<div class=\"su-image-carousel  su-image-carousel-has-spacing su-image-carousel-crop su-image-carousel-crop-1-1 su-image-carousel-has-outline su-image-carousel-adaptive su-image-carousel-slides-style-default su-image-carousel-controls-style-dark su-image-carousel-align-right\" style=\"max-width:350px\" data-flickity-options='{\"groupCells\":true,\"cellSelector\":\".su-image-carousel-item\",\"adaptiveHeight\":false,\"cellAlign\":\"left\",\"prevNextButtons\":false,\"pageDots\":true,\"autoPlay\":5000,\"imagesLoaded\":true,\"contain\":true,\"selectedAttraction\":0.025000000000000001387778780781445675529539585113525390625,\"friction\":0.2800000000000000266453525910037569701671600341796875}' id=\"su_image_carousel_69f7c4a0d36ab\"><div class=\"su-image-carousel-item\"><div class=\"su-image-carousel-item-content\"><img decoding=\"async\" width=\"350\" height=\"350\" src=\"https:\/\/www.vetetnous.com\/wp-content\/uploads\/2022\/12\/lab_mkl_merci.jpg\" class=\"\" alt=\"\" srcset=\"https:\/\/www.vetetnous.com\/wp-content\/uploads\/2022\/12\/lab_mkl_merci.jpg 350w, https:\/\/www.vetetnous.com\/wp-content\/uploads\/2022\/12\/lab_mkl_merci-300x300.jpg 300w, https:\/\/www.vetetnous.com\/wp-content\/uploads\/2022\/12\/lab_mkl_merci-125x125.jpg 125w\" sizes=\"(max-width: 350px) 100vw, 350px\" \/><\/div><\/div><div class=\"su-image-carousel-item\"><div class=\"su-image-carousel-item-content\"><img decoding=\"async\" width=\"350\" height=\"350\" src=\"https:\/\/www.vetetnous.com\/wp-content\/uploads\/2022\/12\/java_bourque_merci.jpg\" class=\"\" alt=\"\" srcset=\"https:\/\/www.vetetnous.com\/wp-content\/uploads\/2022\/12\/java_bourque_merci.jpg 350w, https:\/\/www.vetetnous.com\/wp-content\/uploads\/2022\/12\/java_bourque_merci-300x300.jpg 300w, https:\/\/www.vetetnous.com\/wp-content\/uploads\/2022\/12\/java_bourque_merci-125x125.jpg 125w\" sizes=\"(max-width: 350px) 100vw, 350px\" \/><\/div><\/div><div class=\"su-image-carousel-item\"><div class=\"su-image-carousel-item-content\"><img decoding=\"async\" width=\"350\" height=\"350\" src=\"https:\/\/www.vetetnous.com\/wp-content\/uploads\/2022\/12\/golden2_mkl_merci.jpg\" class=\"\" alt=\"\" srcset=\"https:\/\/www.vetetnous.com\/wp-content\/uploads\/2022\/12\/golden2_mkl_merci.jpg 350w, https:\/\/www.vetetnous.com\/wp-content\/uploads\/2022\/12\/golden2_mkl_merci-300x300.jpg 300w, https:\/\/www.vetetnous.com\/wp-content\/uploads\/2022\/12\/golden2_mkl_merci-125x125.jpg 125w\" sizes=\"(max-width: 350px) 100vw, 350px\" \/><\/div><\/div><div class=\"su-image-carousel-item\"><div class=\"su-image-carousel-item-content\"><img decoding=\"async\" width=\"350\" height=\"350\" src=\"https:\/\/www.vetetnous.com\/wp-content\/uploads\/2022\/12\/georges.jpg\" class=\"\" alt=\"\" srcset=\"https:\/\/www.vetetnous.com\/wp-content\/uploads\/2022\/12\/georges.jpg 350w, https:\/\/www.vetetnous.com\/wp-content\/uploads\/2022\/12\/georges-300x300.jpg 300w, https:\/\/www.vetetnous.com\/wp-content\/uploads\/2022\/12\/georges-125x125.jpg 125w\" sizes=\"(max-width: 350px) 100vw, 350px\" \/><\/div><\/div><div class=\"su-image-carousel-item\"><div class=\"su-image-carousel-item-content\"><img decoding=\"async\" width=\"350\" height=\"350\" src=\"https:\/\/www.vetetnous.com\/wp-content\/uploads\/2022\/12\/cumicha.jpg\" class=\"\" alt=\"\" srcset=\"https:\/\/www.vetetnous.com\/wp-content\/uploads\/2022\/12\/cumicha.jpg 350w, https:\/\/www.vetetnous.com\/wp-content\/uploads\/2022\/12\/cumicha-300x300.jpg 300w, https:\/\/www.vetetnous.com\/wp-content\/uploads\/2022\/12\/cumicha-125x125.jpg 125w\" sizes=\"(max-width: 350px) 100vw, 350px\" \/><\/div><\/div><div class=\"su-image-carousel-item\"><div class=\"su-image-carousel-item-content\"><img decoding=\"async\" width=\"350\" height=\"350\" src=\"https:\/\/www.vetetnous.com\/wp-content\/uploads\/2022\/12\/plume_bandana_1.jpg\" class=\"\" alt=\"\" srcset=\"https:\/\/www.vetetnous.com\/wp-content\/uploads\/2022\/12\/plume_bandana_1.jpg 350w, https:\/\/www.vetetnous.com\/wp-content\/uploads\/2022\/12\/plume_bandana_1-300x300.jpg 300w, https:\/\/www.vetetnous.com\/wp-content\/uploads\/2022\/12\/plume_bandana_1-125x125.jpg 125w\" sizes=\"(max-width: 350px) 100vw, 350px\" \/><\/div><\/div><div class=\"su-image-carousel-item\"><div class=\"su-image-carousel-item-content\"><img decoding=\"async\" width=\"350\" height=\"350\" src=\"https:\/\/www.vetetnous.com\/wp-content\/uploads\/2022\/12\/louise_mkl_merci.jpg\" class=\"\" alt=\"\" srcset=\"https:\/\/www.vetetnous.com\/wp-content\/uploads\/2022\/12\/louise_mkl_merci.jpg 350w, https:\/\/www.vetetnous.com\/wp-content\/uploads\/2022\/12\/louise_mkl_merci-300x300.jpg 300w, https:\/\/www.vetetnous.com\/wp-content\/uploads\/2022\/12\/louise_mkl_merci-125x125.jpg 125w\" sizes=\"(max-width: 350px) 100vw, 350px\" \/><\/div><\/div><\/div><script id=\"su_image_carousel_69f7c4a0d36ab_script\">if(window.SUImageCarousel){setTimeout(function() {window.SUImageCarousel.initGallery(document.getElementById(\"su_image_carousel_69f7c4a0d36ab\"))}, 0);}var su_image_carousel_69f7c4a0d36ab_script=document.getElementById(\"su_image_carousel_69f7c4a0d36ab_script\");if(su_image_carousel_69f7c4a0d36ab_script){su_image_carousel_69f7c4a0d36ab_script.parentNode.removeChild(su_image_carousel_69f7c4a0d36ab_script);}<\/script>\n<img decoding=\"async\" class=\"alignleft size-full wp-image-3035\" style=\"float: left; position: relative; top: 30px; margin-right: 15px;\" src=\"\/wp-content\/uploads\/2022\/12\/icn-don-de-sang.png\" alt=\"\" width=\"49\" height=\"71\" \/><\/p>\n<h4>Letting your dog or cat donate blood is a very generous gesture... since many injured or seriously ill animals need these donations to survive or to improve their quality of life.<\/h4>\n<h3>Did you know that unfortunately, blood shortages also occur for animals?<\/h3>\n<p>An increase of the animal population in recent years and the lack of animal blood donation awareness are responsible for this situation.<\/p>\n<h3>Do animals have blood types?<\/h3>\n<p>Yes! Just like humans, dogs and cats have different blood types. Thus, it is necessary to have several types of blood donors to make sure that compatible blood is used for each transfusion.<\/p>\n<h3>How can my dog\u2019s blood donation save up to 5 lives?<\/h3>\n<p>Just like in human medicine, our team can separate the different blood components using an on-site centrifuge to :<\/p>\n<ul>\n<li>Perform transfusions of whole blood, platelets, red blood cells, or plasma<\/li>\n<li>Produce ophthalmic serum to cure various eye problems in dogs, but also in cats<\/li>\n<\/ul>\n<h3>Why is my cat\u2019s blood donation helping to save only 3 lives, and not 5 lives like dogs?<\/h3>\n<p>Unlike dogs\u2019 blood, cats\u2019 blood can only be used for transfusions of whole blood, red cells or plasma.<\/p>\n<h3>To donate blood, your animal must<\/h3>\n<ul>\n<li>Be healthy and have a good temperament<\/li>\n<li>Be between 1 and 8 years of age<\/li>\n<li>Be sterilized<\/li>\n<li>Have their vaccination up to date and take heartworm and tick prevention (annually)<\/li>\n<li>For cats, be kept indoors at all times<\/li>\n<li>Never have received a blood transfusion in the past<\/li>\n<li>Weigh more than (healthy weight) :\n<ul>\n<li>10 lbs (4.5 kg) for a cat<\/li>\n<li>55 lbs (25 kg) for a dog<\/li>\n<\/ul>\n<\/li>\n<\/ul>\n<p>As well, they must not eat raw food!<\/p>\n<h3>What can I expect on donation day?<\/h3>\n<ul>\n<li>A general exam and a blood test will be performed in order to obtain your pet's complete blood profile, determine his blood type and make sure that he's not a carrier of certain blood-transmitted infections (heartworm, tick-borne diseases, feline AIDS, feline leukemia, etc.).\n<ul>\n<li>Depending on his temperament, a sedative may be administered.<\/li>\n<li>This sedative is administered through a short injection.<\/li>\n<\/ul>\n<\/li>\n<li>A small area will be shaved on your animal\u2019s neck to access the jugular vein.<\/li>\n<li>For the donation, approximately 450 ml of blood will be taken for dogs, and 50 ml for cats.<\/li>\n<li>Your pet will receive a meal as soon as the sedative\u2019s effect wears off, to help him recover more quickly.<\/li>\n<li>Your animal will be resting for the rest of the day, under supervision in our treatment room.<\/li>\n<\/ul>\n<h3>How frequently can my pet make a blood donation?<\/h3>\n<p>Animals can safely donate blood every 4 to 6 weeks, but we prefer to spread the donations to <strong>every 3 or 4 months<\/strong>.<\/p>\n<p>A record is kept of your pet's name, dates and sites of collection, as well as any relevant comments to help us with future donations.<\/p>\n<h3>Are there any other animals that can donate blood?<\/h3>\n<p>We also have a department of birds and exotic pets, and these animals may sometimes require a blood transfusion as well. Although we do not keep blood from these species available at all times, there may be circumstances where a donor is urgently needed. We maintain a registry of potential donors and will be glad to add you to the list.<\/p>\n<h3>As a pet owner, what are my benefits?<\/h3>\n<ul>\n<li><strong>Free of charge <\/strong>: The general exam and blood tests are done at no charge. A free nail clipping will also be done after each donation.<\/li>\n<li><strong>Shared results <\/strong>: If the blood test reveals abnormalities that could affect your pet's health, we will forward the results to your family veterinarian or refer you to one of our specialists.<\/li>\n<li><strong>Free transfusion <\/strong>: Should this procedure become necessary in the future (we hope not!), your pet will receive a blood transfusion free of charge.<\/li>\n<li><strong>Free bag of food\u00a0<\/strong>: A small (4 kg) bag of Hill's pet food will be given to you after each donation.<\/li>\n<li><strong>Blood donor bandana <\/strong>: Your pet will proudly wear a free bandana, indicating that they have donated blood and thus helped save the lives of other animals!<\/li>\n<\/ul>\n<p>We ask for a commitment from each donor and their family to contribute a minimum of two donations per year, for a minimum of one to two years. Naturally, we are very flexible to accommodate your schedule!<\/p>\n<p><strong>For more information or to make an appointment, please contact one of our teams:<\/strong><\/p>\n<ul>\n<li>Centre V\u00e9t\u00e9rinaire Laval: <a href=\"mailto:banque-sang-cvlv@vetetnous.com\">banque-sang-cvlv@vetetnous.com<\/a><\/li>\n<li>Centre V\u00e9t\u00e9rinaire Rive-Sud: <a href=\"mailto:banque-sang-cvrs@vetetnous.com\">banque-sang-cvrs@vetetnous.com<\/a><\/li>\n<li>Centre V\u00e9t\u00e9rinaire Montr\u00e9al :\u00a0<a href=\"mailto:banque-sang-mtrl@vetetnous.com\" target=\"_blank\" rel=\"noopener\">banque-sang-mtrl@vetetnous.com<\/a><\/li>\n<\/ul>\n","protected":false},"excerpt":{"rendered":"<p>Letting your dog or cat donate blood is a very generous gesture&#8230; since many injured or seriously ill animals need these donations to survive or to improve their quality of life. Did you know that unfortunately, blood shortages also occur for animals? An increase of the animal population in recent years and the lack of [&hellip;]<\/p>\n","protected":false},"author":1,"featured_media":571,"parent":0,"menu_order":0,"comment_status":"closed","ping_status":"closed","template":"normal-3-titre.php","meta":{"_acf_changed":false,"footnotes":""},"class_list":["post-3264","page","type-page","status-publish","has-post-thumbnail","hentry"],"acf":[],"yoast_head":"<!-- This site is optimized with the Yoast SEO plugin v26.9 - https:\/\/yoast.com\/product\/yoast-seo-wordpress\/ -->\n<title>Blood donation - Vet et Nous<\/title>\n<meta name=\"robots\" content=\"index, follow, max-snippet:-1, max-image-preview:large, max-video-preview:-1\" \/>\n<link rel=\"canonical\" href=\"https:\/\/www.vetetnous.com\/en\/blood-donation\/\" \/>\n<meta property=\"og:locale\" content=\"en_US\" \/>\n<meta property=\"og:type\" content=\"article\" \/>\n<meta property=\"og:title\" content=\"Blood donation - Vet et Nous\" \/>\n<meta property=\"og:description\" content=\"Letting your dog or cat donate blood is a very generous gesture... since many injured or seriously ill animals need these donations to survive or to improve their quality of life. Did you know that unfortunately, blood shortages also occur for animals? An increase of the animal population in recent years and the lack of [&hellip;]\" \/>\n<meta property=\"og:url\" content=\"https:\/\/www.vetetnous.com\/en\/blood-donation\/\" \/>\n<meta property=\"og:site_name\" content=\"Vet et Nous\" \/>\n<meta property=\"article:modified_time\" content=\"2024-12-17T16:38:54+00:00\" \/>\n<meta property=\"og:image\" content=\"https:\/\/www.vetetnous.com\/wp-content\/uploads\/2021\/07\/chat-garcon.jpg\" \/>\n\t<meta property=\"og:image:width\" content=\"1600\" \/>\n\t<meta property=\"og:image:height\" content=\"513\" \/>\n\t<meta property=\"og:image:type\" content=\"image\/jpeg\" \/>\n<meta name=\"twitter:card\" content=\"summary_large_image\" \/>\n<script type=\"application\/ld+json\" class=\"yoast-schema-graph\">{\"@context\":\"https:\/\/schema.org\",\"@graph\":[{\"@type\":\"WebPage\",\"@id\":\"https:\/\/www.vetetnous.com\/en\/blood-donation\/\",\"url\":\"https:\/\/www.vetetnous.com\/en\/blood-donation\/\",\"name\":\"Blood donation - Vet et Nous\",\"isPartOf\":{\"@id\":\"https:\/\/www.vetetnous.com\/en\/#website\"},\"primaryImageOfPage\":{\"@id\":\"https:\/\/www.vetetnous.com\/en\/blood-donation\/#primaryimage\"},\"image\":{\"@id\":\"https:\/\/www.vetetnous.com\/en\/blood-donation\/#primaryimage\"},\"thumbnailUrl\":\"https:\/\/www.vetetnous.com\/wp-content\/uploads\/2021\/07\/chat-garcon.jpg\",\"datePublished\":\"2022-12-12T03:43:49+00:00\",\"dateModified\":\"2024-12-17T16:38:54+00:00\",\"breadcrumb\":{\"@id\":\"https:\/\/www.vetetnous.com\/en\/blood-donation\/#breadcrumb\"},\"inLanguage\":\"en-US\",\"potentialAction\":[{\"@type\":\"ReadAction\",\"target\":[\"https:\/\/www.vetetnous.com\/en\/blood-donation\/\"]}]},{\"@type\":\"ImageObject\",\"inLanguage\":\"en-US\",\"@id\":\"https:\/\/www.vetetnous.com\/en\/blood-donation\/#primaryimage\",\"url\":\"https:\/\/www.vetetnous.com\/wp-content\/uploads\/2021\/07\/chat-garcon.jpg\",\"contentUrl\":\"https:\/\/www.vetetnous.com\/wp-content\/uploads\/2021\/07\/chat-garcon.jpg\",\"width\":1600,\"height\":513},{\"@type\":\"BreadcrumbList\",\"@id\":\"https:\/\/www.vetetnous.com\/en\/blood-donation\/#breadcrumb\",\"itemListElement\":[{\"@type\":\"ListItem\",\"position\":1,\"name\":\"Home\",\"item\":\"https:\/\/www.vetetnous.com\/en\/\"},{\"@type\":\"ListItem\",\"position\":2,\"name\":\"Blood donation\"}]},{\"@type\":\"WebSite\",\"@id\":\"https:\/\/www.vetetnous.com\/en\/#website\",\"url\":\"https:\/\/www.vetetnous.com\/en\/\",\"name\":\"Vet et Nous\",\"description\":\"Vet et Nous\",\"potentialAction\":[{\"@type\":\"SearchAction\",\"target\":{\"@type\":\"EntryPoint\",\"urlTemplate\":\"https:\/\/www.vetetnous.com\/en\/?s={search_term_string}\"},\"query-input\":{\"@type\":\"PropertyValueSpecification\",\"valueRequired\":true,\"valueName\":\"search_term_string\"}}],\"inLanguage\":\"en-US\"}]}<\/script>\n<!-- \/ Yoast SEO plugin. -->","yoast_head_json":{"title":"Blood donation - Vet et Nous","robots":{"index":"index","follow":"follow","max-snippet":"max-snippet:-1","max-image-preview":"max-image-preview:large","max-video-preview":"max-video-preview:-1"},"canonical":"https:\/\/www.vetetnous.com\/en\/blood-donation\/","og_locale":"en_US","og_type":"article","og_title":"Blood donation - Vet et Nous","og_description":"Letting your dog or cat donate blood is a very generous gesture... since many injured or seriously ill animals need these donations to survive or to improve their quality of life. Did you know that unfortunately, blood shortages also occur for animals? An increase of the animal population in recent years and the lack of [&hellip;]","og_url":"https:\/\/www.vetetnous.com\/en\/blood-donation\/","og_site_name":"Vet et Nous","article_modified_time":"2024-12-17T16:38:54+00:00","og_image":[{"width":1600,"height":513,"url":"https:\/\/www.vetetnous.com\/wp-content\/uploads\/2021\/07\/chat-garcon.jpg","type":"image\/jpeg"}],"twitter_card":"summary_large_image","schema":{"@context":"https:\/\/schema.org","@graph":[{"@type":"WebPage","@id":"https:\/\/www.vetetnous.com\/en\/blood-donation\/","url":"https:\/\/www.vetetnous.com\/en\/blood-donation\/","name":"Blood donation - Vet et Nous","isPartOf":{"@id":"https:\/\/www.vetetnous.com\/en\/#website"},"primaryImageOfPage":{"@id":"https:\/\/www.vetetnous.com\/en\/blood-donation\/#primaryimage"},"image":{"@id":"https:\/\/www.vetetnous.com\/en\/blood-donation\/#primaryimage"},"thumbnailUrl":"https:\/\/www.vetetnous.com\/wp-content\/uploads\/2021\/07\/chat-garcon.jpg","datePublished":"2022-12-12T03:43:49+00:00","dateModified":"2024-12-17T16:38:54+00:00","breadcrumb":{"@id":"https:\/\/www.vetetnous.com\/en\/blood-donation\/#breadcrumb"},"inLanguage":"en-US","potentialAction":[{"@type":"ReadAction","target":["https:\/\/www.vetetnous.com\/en\/blood-donation\/"]}]},{"@type":"ImageObject","inLanguage":"en-US","@id":"https:\/\/www.vetetnous.com\/en\/blood-donation\/#primaryimage","url":"https:\/\/www.vetetnous.com\/wp-content\/uploads\/2021\/07\/chat-garcon.jpg","contentUrl":"https:\/\/www.vetetnous.com\/wp-content\/uploads\/2021\/07\/chat-garcon.jpg","width":1600,"height":513},{"@type":"BreadcrumbList","@id":"https:\/\/www.vetetnous.com\/en\/blood-donation\/#breadcrumb","itemListElement":[{"@type":"ListItem","position":1,"name":"Home","item":"https:\/\/www.vetetnous.com\/en\/"},{"@type":"ListItem","position":2,"name":"Blood donation"}]},{"@type":"WebSite","@id":"https:\/\/www.vetetnous.com\/en\/#website","url":"https:\/\/www.vetetnous.com\/en\/","name":"Vet et Nous","description":"Vet et Nous","potentialAction":[{"@type":"SearchAction","target":{"@type":"EntryPoint","urlTemplate":"https:\/\/www.vetetnous.com\/en\/?s={search_term_string}"},"query-input":{"@type":"PropertyValueSpecification","valueRequired":true,"valueName":"search_term_string"}}],"inLanguage":"en-US"}]}},"publishpress_future_workflow_manual_trigger":{"enabledWorkflows":[]},"_links":{"self":[{"href":"https:\/\/www.vetetnous.com\/en\/wp-json\/wp\/v2\/pages\/3264","targetHints":{"allow":["GET"]}}],"collection":[{"href":"https:\/\/www.vetetnous.com\/en\/wp-json\/wp\/v2\/pages"}],"about":[{"href":"https:\/\/www.vetetnous.com\/en\/wp-json\/wp\/v2\/types\/page"}],"author":[{"embeddable":true,"href":"https:\/\/www.vetetnous.com\/en\/wp-json\/wp\/v2\/users\/1"}],"replies":[{"embeddable":true,"href":"https:\/\/www.vetetnous.com\/en\/wp-json\/wp\/v2\/comments?post=3264"}],"version-history":[{"count":10,"href":"https:\/\/www.vetetnous.com\/en\/wp-json\/wp\/v2\/pages\/3264\/revisions"}],"predecessor-version":[{"id":5972,"href":"https:\/\/www.vetetnous.com\/en\/wp-json\/wp\/v2\/pages\/3264\/revisions\/5972"}],"wp:featuredmedia":[{"embeddable":true,"href":"https:\/\/www.vetetnous.com\/en\/wp-json\/wp\/v2\/media\/571"}],"wp:attachment":[{"href":"https:\/\/www.vetetnous.com\/en\/wp-json\/wp\/v2\/media?parent=3264"}],"curies":[{"name":"wp","href":"https:\/\/api.w.org\/{rel}","templated":true}]}}